{"id":25105,"date":"2026-02-20T17:29:17","date_gmt":"2026-02-20T22:29:17","guid":{"rendered":"https:\/\/compliance.ec\/?page_id=25105"},"modified":"2026-03-11T16:36:12","modified_gmt":"2026-03-11T21:36:12","slug":"blog","status":"publish","type":"page","link":"https:\/\/compliance.ec\/en\/blog\/","title":{"rendered":"Blog"},"content":{"rendered":"<div data-elementor-type=\"wp-page\" data-elementor-id=\"25105\" class=\"elementor elementor-25105\">\n\t\t\t\t        <section class=\"elementor-section elementor-top-section elementor-element elementor-element-1882ce2 elementor-section-boxed elementor-section-height-default elementor-section-height-default pxl-row-scroll-none pxl-zoom-point-false pxl-section-overflow-visible pxl-section-fix-none pxl-bg-color-none pxl-section-overlay-none\" data-id=\"1882ce2\" data-element_type=\"section\" data-e-type=\"section\">\n\n                \n                <div class=\"elementor-container elementor-column-gap-default\">\n                <div class=\"elementor-column elementor-col-100 elementor-top-column elementor-element elementor-element-d3f956d pxl-column-none pxl-column-overflow-hidden-no\" data-id=\"d3f956d\" data-element_type=\"column\" data-e-type=\"column\">\r\n        <div class=\"elementor-widget-wrap elementor-element-populated\">\r\n                     \r\n        \t\t<div class=\"elementor-element elementor-element-bea49d9 elementor-widget elementor-widget-shortcode\" data-id=\"bea49d9\" data-element_type=\"widget\" data-e-type=\"widget\" data-widget_type=\"shortcode.default\">\n\t\t\t\t<div class=\"elementor-widget-container\">\n\t\t\t\t\t\t\t<div class=\"elementor-shortcode\"><div class=\"comp-master-wrapper\"><form method=\"post\" action=\"\" class=\"comp-form-filter\" data-trp-original-action=\"\"><div class=\"comp-search-row\"><input type=\"text\" name=\"txt_buscar\" placeholder=\"\u00bfQu\u00e9 tema busca?\" value=\"\"><button type=\"submit\" name=\"btn_search\">BUSCAR<\/button><\/div><div class=\"comp-filter-row\"><button type=\"submit\" name=\"cat_elegida\" value=\"all\" class=\"f-btn active\">TODO<\/button><button type=\"submit\" name=\"cat_elegida\" value=\"linkedin\" class=\"f-btn\">LINKEDIN<\/button><button type=\"submit\" name=\"cat_elegida\" value=\"publicaciones-internas\" class=\"f-btn\">PUBLICACIONES INTERNAS<\/button><\/div><input type=\"hidden\" name=\"trp-form-language\" value=\"en\"\/><\/form><div class=\"comp-grid\"><div class=\"comp-card\">\n                <a href=\"https:\/\/compliance.ec\/en\/nota-blog-1\/\"  class=\"comp-img-link\">\n                    <div class=\"comp-img-box\"><img fetchpriority=\"high\" decoding=\"async\" width=\"750\" height=\"1024\" src=\"https:\/\/compliance.ec\/wp-content\/uploads\/2025\/02\/investigacion-interna-750x1024.jpg\" class=\"attachment-large size-large wp-post-image\" alt=\"\" srcset=\"https:\/\/compliance.ec\/wp-content\/uploads\/2025\/02\/investigacion-interna-750x1024.jpg 750w, https:\/\/compliance.ec\/wp-content\/uploads\/2025\/02\/investigacion-interna-220x300.jpg 220w, https:\/\/compliance.ec\/wp-content\/uploads\/2025\/02\/investigacion-interna-768x1048.jpg 768w, https:\/\/compliance.ec\/wp-content\/uploads\/2025\/02\/investigacion-interna-9x12.jpg 9w, https:\/\/compliance.ec\/wp-content\/uploads\/2025\/02\/investigacion-interna-520x710.jpg 520w, https:\/\/compliance.ec\/wp-content\/uploads\/2025\/02\/investigacion-interna.jpg 1000w\" sizes=\"(max-width: 750px) 100vw, 750px\" \/>\n                    \n                    <\/div>\n                <\/a>\n                <div class=\"comp-body\">\n                    <span class=\"comp-date\">February 24, 2026<\/span>\n                    <h4>La importancia de la debida diligencia en la prevenci\u00f3n del lavado de activos<\/h4>\n                    <div class=\"comp-excerpt\">Descubre por qu\u00e9 la debida diligencia no es solo un requisito legal, sino una herramienta estrat\u00e9gica para proteger la reputaci\u00f3n de tu empresa frente a riesgos operativos y legales en el mercado ecuatoriano.<\/div>\n                    <a href=\"https:\/\/compliance.ec\/en\/nota-blog-1\/\"  class=\"comp-btn\">Leer nota<\/a>\n                <\/div>\n            <\/div><div class=\"comp-card\">\n                <a href=\"https:\/\/linkedin.computeksa.com\" target=\"_blank\" class=\"comp-img-link\">\n                    <div class=\"comp-img-box\"><img decoding=\"async\" width=\"1024\" height=\"768\" src=\"https:\/\/compliance.ec\/wp-content\/uploads\/2026\/01\/IMG_1747-1024x768.jpg\" class=\"attachment-large size-large wp-post-image\" alt=\"\" srcset=\"https:\/\/compliance.ec\/wp-content\/uploads\/2026\/01\/IMG_1747-1024x768.jpg 1024w, https:\/\/compliance.ec\/wp-content\/uploads\/2026\/01\/IMG_1747-768x576.jpg 768w, https:\/\/compliance.ec\/wp-content\/uploads\/2026\/01\/IMG_1747-946x710.jpg 946w\" sizes=\"(max-width: 1024px) 100vw, 1024px\" \/>\n                    <div class=\"comp-li-icon\"><i class=\"fab fa-linkedin\"><\/i><\/div>\n                    <\/div>\n                <\/a>\n                <div class=\"comp-body\">\n                    <span class=\"comp-date\">February 20, 2026<\/span>\n                    <h4>Felipe Castro &#8211; Regional Contributor<\/h4>\n                    <div class=\"comp-excerpt\">Agradecemos a la Corte Nacional de Justicia por haber invitado a nuestra socia Camila Moncayo a dar una charla en lanzamiento de la Gaceta Judicial N\u00famero 8.<\/div>\n                    <a href=\"https:\/\/linkedin.computeksa.com\" target=\"_blank\" class=\"comp-btn\">Ver en LinkedIn<\/a>\n                <\/div>\n            <\/div><\/div><div class=\"comp-pagination\"><\/div><\/div><\/div>\n\t\t\t\t\t\t<\/div>\n\t\t\t\t<\/div>\n\t\t\t\t<div class=\"elementor-element elementor-element-3e64e6c elementor-widget elementor-widget-html\" data-id=\"3e64e6c\" data-element_type=\"widget\" data-e-type=\"widget\" data-widget_type=\"html.default\">\n\t\t\t\t<div class=\"elementor-widget-container\">\n\t\t\t\t\t<script>\r\ndocument.addEventListener('DOMContentLoaded', function() {\r\n    const buttons = document.querySelectorAll('.pbp-btn');\r\n    const items = document.querySelectorAll('.pbp-item');\r\n\r\n    buttons.forEach(btn => {\r\n        btn.addEventListener('click', function() {\r\n            buttons.forEach(b => b.classList.remove('active'));\r\n            this.classList.add('active');\r\n            const filter = this.getAttribute('data-filter');\r\n\r\n            items.forEach(item => {\r\n                if (filter === 'all' || item.classList.contains(filter)) {\r\n                    item.classList.remove('pbp-hidden');\r\n                } else {\r\n                    item.classList.add('pbp-hidden');\r\n                }\r\n            });\r\n        });\r\n    });\r\n});\r\n<\/script>\t\t\t\t<\/div>\n\t\t\t\t<\/div>\n\t\t            <\/div>\r\n        <\/div>\r\n        \t\t\t<\/div>\n\t\t<\/section>\n\t\t\t\t<\/div>","protected":false},"excerpt":{"rendered":"","protected":false},"author":4,"featured_media":0,"parent":0,"menu_order":0,"comment_status":"closed","ping_status":"closed","template":"elementor_header_footer","meta":{"_joinchat":[],"footnotes":"","_links_to":"","_links_to_target":""},"class_list":["post-25105","page","type-page","status-publish","hentry"],"yoast_head":"<!-- This site is optimized with the Yoast SEO plugin v27.0 - https:\/\/yoast.com\/product\/yoast-seo-wordpress\/ -->\n<title>Blog - Compliance Ecuador<\/title>\n<meta name=\"description\" content=\"Blog de compliance con art\u00edculos, an\u00e1lisis y recursos sobre cumplimiento normativo, \u00e9tica corporativa y gesti\u00f3n de riesgos en empresas.\" \/>\n<meta name=\"robots\" content=\"index, follow, max-snippet:-1, max-image-preview:large, max-video-preview:-1\" \/>\n<link rel=\"canonical\" href=\"https:\/\/compliance.ec\/en\/blog\/\" \/>\n<meta property=\"og:locale\" content=\"en_US\" \/>\n<meta property=\"og:type\" content=\"article\" \/>\n<meta property=\"og:title\" content=\"Blog - Compliance Ecuador\" \/>\n<meta property=\"og:description\" content=\"Blog de compliance con art\u00edculos, an\u00e1lisis y recursos sobre cumplimiento normativo, \u00e9tica corporativa y gesti\u00f3n de riesgos en empresas.\" \/>\n<meta property=\"og:url\" content=\"https:\/\/compliance.ec\/en\/blog\/\" \/>\n<meta property=\"og:site_name\" content=\"Compliance Ecuador\" \/>\n<meta property=\"article:modified_time\" content=\"2026-03-11T21:36:12+00:00\" \/>\n<meta name=\"twitter:card\" content=\"summary_large_image\" \/>\n<meta name=\"twitter:label1\" content=\"Est. reading time\" \/>\n\t<meta name=\"twitter:data1\" content=\"1 minute\" \/>\n<script type=\"application\/ld+json\" class=\"yoast-schema-graph\">{\"@context\":\"https:\/\/schema.org\",\"@graph\":[{\"@type\":\"WebPage\",\"@id\":\"https:\/\/compliance.ec\/blog\/\",\"url\":\"https:\/\/compliance.ec\/blog\/\",\"name\":\"Blog - Compliance Ecuador\",\"isPartOf\":{\"@id\":\"https:\/\/compliance.ec\/#website\"},\"datePublished\":\"2026-02-20T22:29:17+00:00\",\"dateModified\":\"2026-03-11T21:36:12+00:00\",\"description\":\"Blog de compliance con art\u00edculos, an\u00e1lisis y recursos sobre cumplimiento normativo, \u00e9tica corporativa y gesti\u00f3n de riesgos en empresas.\",\"breadcrumb\":{\"@id\":\"https:\/\/compliance.ec\/blog\/#breadcrumb\"},\"inLanguage\":\"en-US\",\"potentialAction\":[{\"@type\":\"ReadAction\",\"target\":[\"https:\/\/compliance.ec\/blog\/\"]}]},{\"@type\":\"BreadcrumbList\",\"@id\":\"https:\/\/compliance.ec\/blog\/#breadcrumb\",\"itemListElement\":[{\"@type\":\"ListItem\",\"position\":1,\"name\":\"Portada\",\"item\":\"https:\/\/compliance.ec\/\"},{\"@type\":\"ListItem\",\"position\":2,\"name\":\"Blog\"}]},{\"@type\":\"WebSite\",\"@id\":\"https:\/\/compliance.ec\/#website\",\"url\":\"https:\/\/compliance.ec\/\",\"name\":\"Compliance Ecuador\",\"description\":\"Cultura \u00e9tica empresarial\",\"potentialAction\":[{\"@type\":\"SearchAction\",\"target\":{\"@type\":\"EntryPoint\",\"urlTemplate\":\"https:\/\/compliance.ec\/?s={search_term_string}\"},\"query-input\":{\"@type\":\"PropertyValueSpecification\",\"valueRequired\":true,\"valueName\":\"search_term_string\"}}],\"inLanguage\":\"en-US\"}]}<\/script>\n<!-- \/ Yoast SEO plugin. -->","yoast_head_json":{"title":"Blog - Compliance Ecuador","description":"Blog de compliance con art\u00edculos, an\u00e1lisis y recursos sobre cumplimiento normativo, \u00e9tica corporativa y gesti\u00f3n de riesgos en empresas.","robots":{"index":"index","follow":"follow","max-snippet":"max-snippet:-1","max-image-preview":"max-image-preview:large","max-video-preview":"max-video-preview:-1"},"canonical":"https:\/\/compliance.ec\/en\/blog\/","og_locale":"en_US","og_type":"article","og_title":"Blog - Compliance Ecuador","og_description":"Blog de compliance con art\u00edculos, an\u00e1lisis y recursos sobre cumplimiento normativo, \u00e9tica corporativa y gesti\u00f3n de riesgos en empresas.","og_url":"https:\/\/compliance.ec\/en\/blog\/","og_site_name":"Compliance Ecuador","article_modified_time":"2026-03-11T21:36:12+00:00","twitter_card":"summary_large_image","twitter_misc":{"Est. reading time":"1 minute"},"schema":{"@context":"https:\/\/schema.org","@graph":[{"@type":"WebPage","@id":"https:\/\/compliance.ec\/blog\/","url":"https:\/\/compliance.ec\/blog\/","name":"Blog - Compliance Ecuador","isPartOf":{"@id":"https:\/\/compliance.ec\/#website"},"datePublished":"2026-02-20T22:29:17+00:00","dateModified":"2026-03-11T21:36:12+00:00","description":"Blog de compliance con art\u00edculos, an\u00e1lisis y recursos sobre cumplimiento normativo, \u00e9tica corporativa y gesti\u00f3n de riesgos en empresas.","breadcrumb":{"@id":"https:\/\/compliance.ec\/blog\/#breadcrumb"},"inLanguage":"en-US","potentialAction":[{"@type":"ReadAction","target":["https:\/\/compliance.ec\/blog\/"]}]},{"@type":"BreadcrumbList","@id":"https:\/\/compliance.ec\/blog\/#breadcrumb","itemListElement":[{"@type":"ListItem","position":1,"name":"Portada","item":"https:\/\/compliance.ec\/"},{"@type":"ListItem","position":2,"name":"Blog"}]},{"@type":"WebSite","@id":"https:\/\/compliance.ec\/#website","url":"https:\/\/compliance.ec\/","name":"Compliance Ecuador","description":"Cultura \u00e9tica empresarial","potentialAction":[{"@type":"SearchAction","target":{"@type":"EntryPoint","urlTemplate":"https:\/\/compliance.ec\/?s={search_term_string}"},"query-input":{"@type":"PropertyValueSpecification","valueRequired":true,"valueName":"search_term_string"}}],"inLanguage":"en-US"}]}},"rttpg_featured_image_url":null,"rttpg_author":{"display_name":"Soporte Computeksa","author_link":"https:\/\/compliance.ec\/en\/author\/computeksa\/"},"rttpg_comment":0,"rttpg_category":"","rttpg_excerpt":null,"_links":{"self":[{"href":"https:\/\/compliance.ec\/en\/wp-json\/wp\/v2\/pages\/25105","targetHints":{"allow":["GET"]}}],"collection":[{"href":"https:\/\/compliance.ec\/en\/wp-json\/wp\/v2\/pages"}],"about":[{"href":"https:\/\/compliance.ec\/en\/wp-json\/wp\/v2\/types\/page"}],"author":[{"embeddable":true,"href":"https:\/\/compliance.ec\/en\/wp-json\/wp\/v2\/users\/4"}],"replies":[{"embeddable":true,"href":"https:\/\/compliance.ec\/en\/wp-json\/wp\/v2\/comments?post=25105"}],"version-history":[{"count":46,"href":"https:\/\/compliance.ec\/en\/wp-json\/wp\/v2\/pages\/25105\/revisions"}],"predecessor-version":[{"id":25224,"href":"https:\/\/compliance.ec\/en\/wp-json\/wp\/v2\/pages\/25105\/revisions\/25224"}],"wp:attachment":[{"href":"https:\/\/compliance.ec\/en\/wp-json\/wp\/v2\/media?parent=25105"}],"curies":[{"name":"wp","href":"https:\/\/api.w.org\/{rel}","templated":true}]}}